{"id":9,"date":"2013-04-10T07:48:58","date_gmt":"2013-04-10T07:48:58","guid":{"rendered":"http:\/\/www.incdmtm.ro\/certim\/?page_id=9"},"modified":"2013-04-10T07:49:10","modified_gmt":"2013-04-10T07:49:10","slug":"beneficiari","status":"publish","type":"page","link":"https:\/\/prold.metrorom.eu.org\/certim\/?page_id=9","title":{"rendered":"Beneficiari"},"content":{"rendered":"<p><b><i>Beneficiari directi<\/i><\/b><\/p>\n<ul>\n<li>Cercet\u0103torii din cadrul INCDMTM Bucure\u015fti care activeaz\u0103 \u00een cadrul centrului de cercetare sau care utilizeaz\u0103 facilit\u0103\u0163ile centrului \u00a0ce se\u00a0 va\u00a0 moderniza<\/li>\n<li>Personalul care urmeaz\u0103 a fi angajat \u00een cadrul CERTIM dup\u0103 crearea\/modernizarea acestuia; num\u0103rul lor cre\u015fte pe m\u0103sur\u0103 ce se dezvolt\u0103 noi proiecte<\/li>\n<li>Tineri absolven\u0163i \u015fi doctoranzi (din interiorul sau exteriorul institutului) care vor dob\u00e2ndi o \u00eenalt\u0103 calificare activ\u00e2nd \u00een cadrul centrului creat, inclusiv poten\u0163iali cercet\u0103tori interesa\u0163i din spa\u0163iul UE\n<ul>\n<li>Institute de \u00eenv\u0103\u0163\u0103m\u00e2nt \u015fi de cercetare-dezvoltare din \u0163ar\u0103 \u015fi str\u0103in\u0103tate<\/li>\n<li>Sectorul industrial, \u00een special IMM din domeniile aparatur\u0103 de m\u0103surare \u015fi control \u015fi mecanic\u0103 fin\u0103 (produc\u0103torii de echipamente de m\u0103surare \u015fi control dimensional tip IMM, entit\u0103\u0163i CD cu preocup\u0103ri \u00een domeniul aparaturii de m\u0103surare), produc\u0103torii de semifabricate, repere prelucrate mecanic (pentru dotarea laboratoarelor de control final a produc\u0163iei, \u015fi pentru controlul pe flux a produc\u0163iei), produc\u0103tori de bunuri de larg consum\u00a0 \u015fi robo\u0163i cu utilizare domestic\u0103 (ajutor, asisten\u0163\u0103, \u00eendeplinirea unor sarcini)<\/li>\n<\/ul>\n<\/li>\n<\/ul>\n<p>&nbsp;<\/p>\n<p><b><i>Beneficiari indirecti<\/i><\/b><\/p>\n<ul>\n<li>Organisme interna\u0163ionale: prin abordarea de proiecte competitive, colabor\u0103ri cu diferite entit\u0103\u0163i din UE,\u00a0 participarea ca partener la proiecte europene (de exemplu, FP7), cercetarea rom\u00e2neasc\u0103 va contribui la dezvoltarea ariei europene a cercet\u0103rii \u015fi va participa la crearea unei economii bazate pe cunoa\u015ftere \u00een Europa<\/li>\n<li>Comunitatea de cercetare din Romania din domeniile m\u0103sur\u0103rii inteligente cu Laser, prin faptul ca pot apela oric\u00e2nd la personalul specializat al INCDMTM pentru dezvoltarea de proiecte noi\n<ul>\n<li>Cet\u0103\u0163enii care pot beneficia de aparatur\u0103 \u015fi produse performante<\/li>\n<li>Sectorul industrial<\/li>\n<\/ul>\n<\/li>\n<\/ul>\n<p>&#8211;\u00a0\u00a0\u00a0 produc\u0103tori de ma\u015fini \u015fi aparate, de m\u0103surare (Metris Belgia CONTOR GROUP Arad, BADOTHERM Vaslui, AMPLO Ploiesti)<\/p>\n<p>&#8211;\u00a0\u00a0\u00a0 Produc\u0103tori de auto (S.C. Dacia-Renault Automobile Pitesti, S.C. FORD S.A. Craiova,\u00a0 Romania),<\/p>\n<p>&#8211;\u00a0\u00a0\u00a0 Produc\u0103tori de piese \u015fi subansamble pentru aeronautic\u0103 (Aerofina Bucuresti Romania, COUSSO Nogaro Franta),<\/p>\n<p>&#8211;\u00a0\u00a0\u00a0 produc\u0103tori de semifabricate laminate, trefilate, forjate \u015fi bare cojite, (COST Targoviste Romania Sidex MITAL Galati Romania, Combinatul Siderurgic Hunedoara, ZIROM Calarasi, Sinterom Cluj Napoca, Industria Sarmei \u2013 Campia Turzii.),<\/p>\n<p>&#8211;\u00a0\u00a0\u00a0 firme acreditate pentru certificare aparate si produse (masini unelte, masini de masurat in coordonate, aparate de masurare si control) (SRAC, ISCIR INM Bucuresti, FAST ECO)<\/p>\n<p>&#8211;\u00a0\u00a0\u00a0 firme inovative cu preocup\u0103ri \u00een dezvoltarea de nanotehnologii, echipamente de calibrare nanometrologice (ICPE-CA Bucuresti, INCDMT, IFLCPL Magurele)<\/p>\n<p>utilizatori de sisteme de monitorizare trafic aerian, terestru \u015fi orientare a deplas\u0103rii in spa\u0163iu prin dirijare cu LASER (IAMC Otopeni).<\/p>\n","protected":false},"excerpt":{"rendered":"<p>Beneficiari directi Cercet\u0103torii din cadrul INCDMTM Bucure\u015fti care activeaz\u0103 \u00een cadrul centrului de cercetare sau care utilizeaz\u0103 facilit\u0103\u0163ile centrului \u00a0ce se\u00a0 va\u00a0 moderniza Personalul care urmeaz\u0103 a fi angajat \u00een cadrul CERTIM dup\u0103 crearea\/modernizarea acestuia; num\u0103rul lor cre\u015fte pe m\u0103sur\u0103 ce se dezvolt\u0103 noi proiecte Tineri absolven\u0163i \u015fi doctoranzi (din interiorul sau exteriorul institutului) care [&hellip;]<\/p>\n","protected":false},"author":1,"featured_media":0,"parent":0,"menu_order":3,"comment_status":"open","ping_status":"open","template":"","meta":[],"_links":{"self":[{"href":"https:\/\/prold.metrorom.eu.org\/certim\/index.php?rest_route=\/wp\/v2\/pages\/9"}],"collection":[{"href":"https:\/\/prold.metrorom.eu.org\/certim\/index.php?rest_route=\/wp\/v2\/pages"}],"about":[{"href":"https:\/\/prold.metrorom.eu.org\/certim\/index.php?rest_route=\/wp\/v2\/types\/page"}],"author":[{"embeddable":true,"href":"https:\/\/prold.metrorom.eu.org\/certim\/index.php?rest_route=\/wp\/v2\/users\/1"}],"replies":[{"embeddable":true,"href":"https:\/\/prold.metrorom.eu.org\/certim\/index.php?rest_route=%2Fwp%2Fv2%2Fcomments&post=9"}],"version-history":[{"count":2,"href":"https:\/\/prold.metrorom.eu.org\/certim\/index.php?rest_route=\/wp\/v2\/pages\/9\/revisions"}],"predecessor-version":[{"id":11,"href":"https:\/\/prold.metrorom.eu.org\/certim\/index.php?rest_route=\/wp\/v2\/pages\/9\/revisions\/11"}],"wp:attachment":[{"href":"https:\/\/prold.metrorom.eu.org\/certim\/index.php?rest_route=%2Fwp%2Fv2%2Fmedia&parent=9"}],"curies":[{"name":"wp","href":"https:\/\/api.w.org\/{rel}","templated":true}]}}