{"id":7,"date":"2013-04-10T07:48:28","date_gmt":"2013-04-10T07:48:28","guid":{"rendered":"http:\/\/www.incdmtm.ro\/certim\/?page_id=7"},"modified":"2013-04-10T07:49:17","modified_gmt":"2013-04-10T07:49:17","slug":"rezultate","status":"publish","type":"page","link":"https:\/\/prold.metrorom.eu.org\/certim\/?page_id=7","title":{"rendered":"Rezultate"},"content":{"rendered":"<p><b>Rezultate anticipate \u00een urma implementarii<\/b><\/p>\n<p>&nbsp;<\/p>\n<ul>\n<li>dezvoltarea infrastructurii de cercetare \u2013 dezvoltare \u2013 inovare \u00een cadrul INCDMTM din Bucure\u015fti, care va\u00a0 putea desf\u0103\u015fura activit\u0103\u0163i de cercetare \u2013 dezvoltare la nivel European (un centru de cercetare, modern \u015fi performant, dotat cu echipamente de cercetare \u2013 dezvoltare);<\/li>\n<li>stabilirea de contacte \u015fi colabor\u0103ri noi pe plan na\u0163ional cu unit\u0103\u0163i de produc\u0163ie, \u00een vederea cre\u015fterii poten\u0163ialului lor economic; \u00eembun\u0103t\u0103\u0163irea \u015fi ridicarea nivelului de cercetare \u00een domeniile abordate de proiect;<\/li>\n<li><b><i>Cre\u015fterea capacit\u0103\u0163ii de cercetare<\/i><\/b>. Achizi\u0163ionarea echipamentelor de cercetare de ultima genera\u0163ie va permite abordarea unor domenii noi de cercetare aplicativ\u0103, \u00een acord cu tendin\u0163ele pe plan european \u015fi mondial;<\/li>\n<li><b><i>Cre\u015fterea cheltuielilor directe private \u00een proiectele C-D<\/i><\/b>. Tinta stabilit\u0103 este de a atrage fonduri anuale (din proiecte de CDI, care nu genereaz\u0103 profit) din sectorul industrial prin mecanisme precum cofinan\u0163area \u00een proiecte C-D-I comune, consultan\u0163\u0103, m\u0103sur\u0103tori \/ analize. Pentru a atinge aceasta \u0163int\u0103, vom promova aplica\u0163iile practice ale cercet\u0103rilor efectuate \u00een domenii de \u00eenalt\u0103 tehnologie;<\/li>\n<\/ul>\n<p><b><i>\u00a0<\/i><\/b><\/p>\n<ul>\n<li><b><i>Cre\u015fterea vizibilit\u0103\u0163ii interna\u0163ionale.<\/i><\/b> Existen\u0163a noii infrastructuri face colectivele INCDMTM mai atractive pentru colabor\u0103ri interna\u0163ionale \u015fi va permite astfel implicarea mult mai substan\u0163ial\u0103 \u00een programe de cercetare europene (\u00een special FP7 \u015fi programe de cooperare bilaterale). Parteneri interna\u0163ionali al\u0103turi de care am participat, acum sau \u00een trecut, la proiecte sau propuneri de proiecte interna\u0163ionale \u015fi-au declarat deja interesul \u00een ceea ce prive\u015fte posibila exploatare a resurselor de echipamente ale prezentului centru: Cardiff University UK,\u00a0 Bath University UK,\u00a0 Renishaw UK,\u00a0 DELONG INSTRUMENTS A.S. Czech Republic,\u00a0 VTT Finland, Cousso SAS France,\u00a0 Argon Belgium,\u00a0 MEC Cardiff UK, Metris Belgium, University of Minho Portugal ;\n<ul>\n<li>men\u0163inerea de locuri de munc\u0103 \u00een cercetare;<\/li>\n<li>crearea unei echipe de management \u015fi coordonare \u00een cadrul INCDMTM Bucure\u015ftiin care se promoveaz\u0103 egalitatea \u015fanselor;<\/li>\n<li>crearea de locuri de munc\u0103 noi \u00een cercetare \u2013 dezvoltarecare vizeaz\u0103 atragerea de\u00a0 cercet\u0103tori tineri \u015fi specializarea lor \u00een domeniul proiectului;<\/li>\n<li>pagina de prezentare a proiectului pentru cre\u015fterea vizibilit\u0103\u0163ii Fondurilor Structurale \u015fi promov\u0103rii rezultatelor proiectului;\n<ul>\n<li>pliante de prezentare a proiectului;<\/li>\n<\/ul>\n<\/li>\n<\/ul>\n<\/li>\n<\/ul>\n<p>participare la evenimente \u015fi prezent\u0103ri la evenimente \u015ftiin\u0163ifice.<\/p>\n","protected":false},"excerpt":{"rendered":"<p>Rezultate anticipate \u00een urma implementarii &nbsp; dezvoltarea infrastructurii de cercetare \u2013 dezvoltare \u2013 inovare \u00een cadrul INCDMTM din Bucure\u015fti, care va\u00a0 putea desf\u0103\u015fura activit\u0103\u0163i de cercetare \u2013 dezvoltare la nivel European (un centru de cercetare, modern \u015fi performant, dotat cu echipamente de cercetare \u2013 dezvoltare); stabilirea de contacte \u015fi colabor\u0103ri noi pe plan na\u0163ional cu [&hellip;]<\/p>\n","protected":false},"author":1,"featured_media":0,"parent":0,"menu_order":2,"comment_status":"open","ping_status":"open","template":"","meta":[],"_links":{"self":[{"href":"https:\/\/prold.metrorom.eu.org\/certim\/index.php?rest_route=\/wp\/v2\/pages\/7"}],"collection":[{"href":"https:\/\/prold.metrorom.eu.org\/certim\/index.php?rest_route=\/wp\/v2\/pages"}],"about":[{"href":"https:\/\/prold.metrorom.eu.org\/certim\/index.php?rest_route=\/wp\/v2\/types\/page"}],"author":[{"embeddable":true,"href":"https:\/\/prold.metrorom.eu.org\/certim\/index.php?rest_route=\/wp\/v2\/users\/1"}],"replies":[{"embeddable":true,"href":"https:\/\/prold.metrorom.eu.org\/certim\/index.php?rest_route=%2Fwp%2Fv2%2Fcomments&post=7"}],"version-history":[{"count":2,"href":"https:\/\/prold.metrorom.eu.org\/certim\/index.php?rest_route=\/wp\/v2\/pages\/7\/revisions"}],"predecessor-version":[{"id":12,"href":"https:\/\/prold.metrorom.eu.org\/certim\/index.php?rest_route=\/wp\/v2\/pages\/7\/revisions\/12"}],"wp:attachment":[{"href":"https:\/\/prold.metrorom.eu.org\/certim\/index.php?rest_route=%2Fwp%2Fv2%2Fmedia&parent=7"}],"curies":[{"name":"wp","href":"https:\/\/api.w.org\/{rel}","templated":true}]}}