{"id":5,"date":"2013-04-10T07:47:45","date_gmt":"2013-04-10T07:47:45","guid":{"rendered":"http:\/\/www.incdmtm.ro\/certim\/?page_id=5"},"modified":"2015-03-04T10:02:21","modified_gmt":"2015-03-04T10:02:21","slug":"despre-proiect","status":"publish","type":"page","link":"https:\/\/prold.metrorom.eu.org\/certim\/?page_id=5","title":{"rendered":"Despre proiect"},"content":{"rendered":"<p>&nbsp;<\/p>\n<div>\n<p><b>Scopul proiectului<\/b><\/p>\n<p>Proiectul are ca scop \u00eenfiin\u0163area\u00a0 \u00een cadrul INCDMTM Bucure\u015fti a unui centru de cercetare \u00een domeniul m\u0103sur\u0103rii inteligente cu laser, care va concentra \u015fi valorifica \u00een mod optim poten\u0163ialul \u015ftiin\u0163ific \u015fi tehnic de \u00eenalt nivel din regiunea de dezvoltare Bucure\u015fti \u2013 Ilfov, dar \u015fi din alte regiuni de dezvoltare ale Rom\u00e2niei.<\/p>\n<p>Proiectul va sprijini integrarea activit\u0103\u0163ii de cercetare-dezvoltare-inovare din INCDMTM Bucure\u015fti din domeniul m\u0103sur\u0103rii inteligente cu laser \u00een activitatea economic\u0103 de tip inovativ, bazat\u0103 pe cunoa\u015ftere.<\/p>\n<p>&nbsp;<\/p>\n<p><b>Prezentare beneficiar<\/b><\/p>\n<p>INCDMTM este Institut Na\u0163ional de Cercetare Dezvoltare care evolueaz\u0103 continuu spre activit\u0103\u0163i ce \u0163in de domeniul Mecatronicii (sintez\u0103 a mecanicii de precizie, electronicii \u015fi informaticii), profil unic pentru institutele na\u0163ionale din Rom\u00e2nia. Un subdomeniu al mecatronicii este tocmai metrologia. Dup\u0103 cum se \u015ftie, echipamentul metrologic presupune o structur\u0103 mecanic\u0103 de mare precizie \u015fi o parte de comand\u0103 extrem de sofisticat\u0103, fiind prin excelen\u0163\u0103 un produs mecatronic. Astfel, un centru de cercetare pentru tehnica m\u0103sur\u0103rii inteligente\u00a0 nu numai c\u0103 se \u00eencadreaz\u0103 \u00een mod natural \u00een INCDMTM, dar este aproape de neconceput lipsa sa.<\/p>\n<p>&nbsp;<\/p>\n<p><b>Contribu\u0163ia centrului de cercetare la cre\u015fterea performan\u0163ei \u00een cercetare \u015fi pentru intensificarea colabor\u0103rilor interna\u0163ionale<\/b><\/p>\n<p>Centrul de cercetare, creeaz\u0103 baza pentru angajarea speciali\u015ftilor \u00een cercet\u0103ri la nivel interna\u0163ional \u015fi conectarea la proiecte europene cum ar fi cele de tip Program Cadru 7 de Cercetare \u2013 Dezvoltare Tehnologica al Uniunii Europene (PC7).<\/p>\n<p>Infrastructura de CD preconizat\u0103 a fi dezvoltat\u0103 prin proiectul propus va fi destinat\u0103 stimul\u0103rii proiectelor de CD cu aplicabilitate direct\u0103 \u00een economie \u015fi dezvoltarii cooperarii dintre INCDMTM \u015fi sectorul productiv, \u00een domenii cum ar fi: fabrica\u0163ia de automobile, produc\u0163ia aeronautic\u0103, produc\u0163ia de ma\u015fini unelte, aparatur\u0103 de m\u0103surare \u015fi control, tehnic\u0103 medical\u0103. Sistemele de m\u0103surare cu laser sunt de ne\u00eenlocuit \u00een toate domeniile produc\u0163iei industriale de la controlul produc\u0163iei de semifabricate, la\u00a0 controlul pe flux a produc\u0163iei, controlul final al produselor, etalonarea \u015fi verificarea ma\u015finilor\u00a0 unelte \u015fi echipamentelor de m\u0103surare de precizie.<\/p>\n<p>\u00cen acela\u015fi timp va permite colaborarea eficient\u0103 cu \u00eenv\u0103\u0163\u0103m\u00e2ntul universitar, ca urmare a complementarit\u0103\u0163ii cu con\u0163inutul programei universitare \u00een domeniile mecatronic\u0103 \u015fi tehnica m\u0103sur\u0103rii, va permite desf\u0103\u015furarea unor activit\u0103\u0163i demonstrative \u015fi de publicitate \u015fi apreciem c\u0103 va constitui \u015fi un punct de atrac\u0163ie pentru tinerii cercet\u0103tori.<\/p>\n<p>Prin realizarea proiectului, INCDMTM Bucure\u015fti va contribui \u015fi la cre\u015fterea calit\u0103\u0163ii \u015fi la diversificarea actului educa\u0163ional, prin furnizarea de programe de formare profesional\u0103 pentru masteranzi\/doctoranzi \u00een parteneriat cu universit\u0103\u0163i.<\/p>\n<p>Dotarea centrului de cercetare cu echipamente de cercetare cu performan\u0163e tehnice compatibile cu exigen\u0163ele\u00a0 de pe plan mondial, creeaz\u0103 \u015fi oportunit\u0103\u0163i de a putea colabora \u00een consor\u0163iu\u00a0 cu alte laboratoare din spa\u0163iul european \u015fi \u00een proiecte europene, precum \u015fi atragerea de cercetatori str\u0103ini.<\/p>\n<p>&nbsp;<\/p>\n<p><b>Situatia pe plan national<\/b><\/p>\n<p>In Romania nu exist\u0103 un laborator sau centru de cercetare modern dotat cu echipamente de control dimensional cu performan\u0163e de m\u0103surare inteligent\u0103. Laboratoarele de control dimensional din universit\u0103\u0163ile tehnice sunt cu o dotare mult dep\u0103\u015fit\u0103 nu numai din punctul de vedere a anului de fabrica\u0163ie si tehnologiei utilizate, ci \u015fi din punct de vedere a principiilor fizice de m\u0103surare.<\/p>\n<p>&nbsp;<\/p>\n<p>In prezent \u00een Romania exist\u0103 mai multe laboratoare de LASERI (pentru studierea principiului fizic) la institutele de specialitate de pe platforma M\u0103gurele. Unul dintre acestea s-a inaugurat \u00een februarie 2008. Alte laboratoare de Laseri se g\u0103sesc \u00een universit\u0103\u0163i, la facult\u0103\u0163ile de Fizic\u0103 sau apar\u0163in\u00e2nd de Catedrele de Fizic\u0103. Aceste laboratoare au ca obiect studierea LASERULUI (\u015fi anume coeren\u0163a razei Laser, divergen\u0163a razei diferitelor tipuri de laseri, pierderile de putere la parcurgerea razei pe anumite distan\u0163e prin fibre optice sau prin diferite medii) cercetarea performan\u0163elor diferitelor tipuri de Laseri si a posibilitatilor de a realiza Lasere \u015fi diode Laser, iar in alte Laboratoare se studiaz\u0103 fenomenele care apar la interac\u0163iunea razei laser cu materia (reflexia, difuzia, refrac\u0163ia si difrac\u0163ia). Toate aceste preocupari sunt complementare centrului pentru care se solicita finan\u0163are. CERTIM i\u015fi propune a fi un centru pentru m\u0103surare inteligent\u0103, dotat cu echipamente de precizie deosebit\u0103 \u015fi av\u00e2nd ca principiu de m\u0103surare Laserul.<\/p>\n<p>&nbsp;<\/p>\n<p>Unele sisteme \u015fi aparate de\u00a0 m\u0103surare cu Laser se mai gasesc \u00een \u0163ar\u0103 dispersate, \u00een dotarea laboratoarelor de\u00a0 control dimensional clasice, la produc\u0103torii de laminate sau la produc\u0103torii de ma\u015fini unelte (interferometre). In mare parte acestea sunt de genera\u0163ie mai veche,\u00a0 au performan\u0163ele anilor din urm\u0103 \u00een care au fost procurate, iar prin utilizarea acestora in mediu neprietenos performan\u0163ele atinse sunt sub cele\u00a0 prescrise de producator.<\/p>\n<p>&nbsp;<\/p>\n<p>Realizarea \u00een Romania a unui astfel de centrului de cercetare este imperios necesar\u0103 at\u00e2t pentru racordarea cercet\u0103rii romane\u015fti la aria de cercetare european\u0103, c\u00e2t \u015fi pentru a dezvolta o platform\u0103 tehnic\u0103 pentru IMM-uri, pentru a putea realiza produse care sa corespund\u0103 din punct de vedere a caracteristicilor dimensionale cu cu cele realizate \u00een celelalte \u0163\u0103ri europene pentru a se asigura interschimbabilitatea \u015fi coresponden\u0163a.<\/p>\n<p>&nbsp;<\/p>\n<p><b>Sustinerea financiara dupa terminarea finantarii<\/b><\/p>\n<p><b>\u00a0<\/b><\/p>\n<p>A\u015fa dup\u0103 cum s-a men\u0163ionat \u00een studiul de fezabilitate, centrul de cercetare CERTIM va face parte dintr-o institu\u0163ie public\u0103 (institut na\u0163ional de cercetare \u2013 dezvoltare). In vederea oper\u0103rii \u015fi \u00eentre\u0163inerii infrastructurii realizate \u00een cadrul acestui proiect, pentru perioada imediat urm\u0103toare \u00eencet\u0103rii finan\u0163\u0103rii solicitate, este necesar\u0103 totu\u015fi sus\u0163inere financiar\u0103. Aceasta ar putea fi asigurat\u0103 pe de o parte prin participarea la proiecte de cercetare \u2013 dezvoltare, \u00een colaborare cu entit\u0103\u0163i interesate de cercetarea desf\u0103\u015furat\u0103 pe baza infrastructurii dezvoltate \u015fi anume: intreprinderi din sectorul industrial, unit\u0103\u0163i de cercetare sau din inv\u0103\u0163\u0103m\u00e2nt, din \u0163ar\u0103 sau din str\u0103in\u0103tate, universit\u0103\u0163i, entit\u0103\u0163i ale academiei, etc iar pe de alta parte, prin proiecte internationale (in special prin participarea la programele cadru dedicate activitatilor de CDI ale Uniunii Europene).\u00a0 Totodat\u0103 se prefigureaz\u0103 surse de venit din proiecte de cercetare \u2013 dezvoltare (aten\u0163ie, nu este vorba de proiect generator de venituri \u00een acest caz) prin contracte de cercetare cu entit\u0103\u0163ile economice pentru activit\u0103\u0163i de cercetare \u2013 dezvoltare. Pe m\u0103sur\u0103 ce CERTIM se va afirma prin rezultate valoroase \u015fi sprijin sus\u0163inut acordat cercet\u0103rii \u015fi produc\u0163iei, se va putea crea baza legal\u0103 \u00een vederea \u00eencas\u0103rii de pl\u0103\u0163i pentru servicii \u015ftiin\u0163ifice acordate \u00eentreprinderilor. Din sumele \u00eencasate, \u00een conformitate cu legile \u00een vigoare, vor fi atribuite fonduri pentru operarea \u015fi intre\u0163inerea infrastructurii de cercetare create, dac\u0103 acestea nu vor fi suficiente pentru sus\u0163inerea financiar\u0103 a infrastructurii, o cot\u0103 a costurilor necesare func\u0163ion\u0103rii centrului de cercetare se poate aloca de c\u0103tre entitatea beneficiar\u0103 a investi\u0163iei, din regia ob\u0163inut\u0103 prin participarea \u00een alte proiecte de cercetare-dezvoltare.<\/p>\n<p align=\"center\"><b>Etapele desfasurarii proiectului<\/b><\/p>\n<p align=\"center\"><b>\u00a0<\/b><\/p>\n<p>1-\u00a0\u00a0\u00a0\u00a0\u00a0 Vor fi prezentate <b>anunturi despre proiect in ziar\/revista<\/b> de specialitate la nivel local\/regional la lansare.<\/p>\n<ul>\n<li><a href=\"http:\/\/www.incdmtm.ro\/certim\/wp-content\/uploads\/2013\/04\/Anunt-de-incepere-ziar_revista.ppt\" target=\"_blank\">A se vedea documentele aferete etapei aici<\/a><\/li>\n<\/ul>\n<p>2-\u00a0\u00a0\u00a0\u00a0\u00a0 Elaborarea <b>paginii web<\/b> a proiectului. Pagina va fi elaborata in limbile romana si engleza. Realizarea paginii presupune costuri (de elaborare, de gazduire). Pagina va fi adusa la zi in mod periodic din punct de vedere al continutului si formei de prezentare<\/p>\n<p>3-\u00a0\u00a0\u00a0\u00a0\u00a0 Promovarea centrului si echipamentelor achizitionate prin intermediul unui <b>pliant<\/b> care sa prezinte informatii specializate cu privire la aplicatiile practice ale noii infrastructuri. Pliantul va fi folosit drept\u00a0 material informativ in actiuni specifice de promovare catre potentiali beneficiari cu activitati C-D in domeniile mentionate.<\/p>\n<ul>\n<li><a href=\"http:\/\/www.incdmtm.ro\/certim\/wp-content\/uploads\/2013\/04\/Pliant_WorkshopCERTIM_TIB.pdf\" target=\"_blank\">A se vedea documentele aferete etapei aici<\/a><\/li>\n<\/ul>\n<p>4-\u00a0\u00a0\u00a0\u00a0\u00a0 Promovarea centrului si echipamentelor achizitionate prin <b>participarea la evenimente <\/b>precum manifestari, targuri si expozitii. Se va pune accent pe participarea la manifestari cu caracter de promovare a aplicatiilor practice, de exemplu Salonul National al Cercetarii, precum si altele similare. In scopul promovarii vor fi folosite discutiile directe cu potentiali beneficiari, prezentarile multi-media, materialele informative etc.<\/p>\n<ul>\n<li><a href=\"http:\/\/www.incdmtm.ro\/certim\/wp-content\/uploads\/2013\/04\/4.rar\" target=\"_blank\">A se vedea documentele aferete etapei aici<\/a><\/li>\n<\/ul>\n<p>5-\u00a0\u00a0\u00a0\u00a0\u00a0 Promovarea centrului\u00a0 prin elaborarea de <b>etichete si panouri publicitare<\/b> cu prezentarea Finantatorului si a Autoritatii Contractante. Panourile vor fi prezente la intrarea in centru dar si la intrarea in sediul beneficiarului. Panourile vor creste vizibilitatea centrului (CERTIM) beneficiarului (INCDMTM) si finantatorului prin programul POSCCE.<\/p>\n<ul>\n<li><a href=\"http:\/\/www.incdmtm.ro\/certim\/wp-content\/uploads\/2013\/04\/Etichete-si-Panouri-publicitare.pptx\" target=\"_blank\">A se vedea documentele aferete etapei aici<\/a><\/li>\n<\/ul>\n<p>6-\u00a0\u00a0\u00a0\u00a0\u00a0 <b>Eveniment de lansare a centrului<\/b>, care va fi organizat la finalul proiectului si\u00a0 la care vor fi invitati reprezentatti ai Autoritatii Contractante, dar si actori importanti din comunitatea de cercetare si reprezentanti ai IMM din domeniul\u00a0 masurarii. Spot publicitar.<\/p>\n<p>7-\u00a0\u00a0\u00a0\u00a0\u00a0 Vor fi prezentate <b>anunturi despre proiect in ziar\/revista<\/b> de specialitate la nivel local\/regional la sfarsitul proiectului cu mentionarea rezultatelor obtinute.<\/p>\n<\/div>\n","protected":false},"excerpt":{"rendered":"<p>&nbsp; Scopul proiectului Proiectul are ca scop \u00eenfiin\u0163area\u00a0 \u00een cadrul INCDMTM Bucure\u015fti a unui centru de cercetare \u00een domeniul m\u0103sur\u0103rii inteligente cu laser, care va concentra \u015fi valorifica \u00een mod optim poten\u0163ialul \u015ftiin\u0163ific \u015fi tehnic de \u00eenalt nivel din regiunea de dezvoltare Bucure\u015fti \u2013 Ilfov, dar \u015fi din alte regiuni de dezvoltare ale Rom\u00e2niei. Proiectul [&hellip;]<\/p>\n","protected":false},"author":1,"featured_media":0,"parent":0,"menu_order":1,"comment_status":"open","ping_status":"open","template":"","meta":[],"_links":{"self":[{"href":"https:\/\/prold.metrorom.eu.org\/certim\/index.php?rest_route=\/wp\/v2\/pages\/5"}],"collection":[{"href":"https:\/\/prold.metrorom.eu.org\/certim\/index.php?rest_route=\/wp\/v2\/pages"}],"about":[{"href":"https:\/\/prold.metrorom.eu.org\/certim\/index.php?rest_route=\/wp\/v2\/types\/page"}],"author":[{"embeddable":true,"href":"https:\/\/prold.metrorom.eu.org\/certim\/index.php?rest_route=\/wp\/v2\/users\/1"}],"replies":[{"embeddable":true,"href":"https:\/\/prold.metrorom.eu.org\/certim\/index.php?rest_route=%2Fwp%2Fv2%2Fcomments&post=5"}],"version-history":[{"count":5,"href":"https:\/\/prold.metrorom.eu.org\/certim\/index.php?rest_route=\/wp\/v2\/pages\/5\/revisions"}],"predecessor-version":[{"id":42,"href":"https:\/\/prold.metrorom.eu.org\/certim\/index.php?rest_route=\/wp\/v2\/pages\/5\/revisions\/42"}],"wp:attachment":[{"href":"https:\/\/prold.metrorom.eu.org\/certim\/index.php?rest_route=%2Fwp%2Fv2%2Fmedia&parent=5"}],"curies":[{"name":"wp","href":"https:\/\/api.w.org\/{rel}","templated":true}]}}