{"id":19,"date":"2013-04-10T07:51:25","date_gmt":"2013-04-10T07:51:25","guid":{"rendered":"http:\/\/www.incdmtm.ro\/certim\/?page_id=19"},"modified":"2013-04-10T07:53:47","modified_gmt":"2013-04-10T07:53:47","slug":"home","status":"publish","type":"page","link":"https:\/\/prold.metrorom.eu.org\/certim\/?page_id=19","title":{"rendered":"Home"},"content":{"rendered":"<p><b><a href=\"http:\/\/www.incdmtm.ro\/certim\/wp-content\/uploads\/2013\/04\/Untitled-1.png\" rel=\"lightbox[19]\"><img loading=\"lazy\" class=\"size-medium wp-image-21 alignright\" style=\"margin: 8px;\" alt=\"Untitled-1\" src=\"http:\/\/www.incdmtm.ro\/certim\/wp-content\/uploads\/2013\/04\/Untitled-1-300x196.png\" width=\"300\" height=\"196\" srcset=\"http:\/\/incdmtm.ro\/certim\/wp-content\/uploads\/2013\/04\/Untitled-1-300x196.png 300w, http:\/\/incdmtm.ro\/certim\/wp-content\/uploads\/2013\/04\/Untitled-1.png 388w\" sizes=\"(max-width: 300px) 100vw, 300px\" \/><\/a>Titlul proiectului: <\/b><\/p>\n<p><b>CENTRU DE CERCETARE PENTRU TEHNICA MASURARII \/ CERTIM<\/b><\/p>\n<p><b>Informa\u0163ii privind tipul de asisten\u0163\u0103 financiar\u0103<\/b><\/p>\n<p>Proiect cofinan\u0163at prin Fondul European de Dezvoltare Regional\u0103<\/p>\n<p>&nbsp;<\/p>\n<p><b>Autoritate contractant\u0103 (finan\u0163atoare)<\/b><\/p>\n<p>Autoritatea National\u0103 pentru Cercetare \u015etiintific\u0103 \u00een calitate de Organism Intermediar (OI),<\/p>\n<p>&nbsp;<\/p>\n<p><b>Durat\u0103<\/b><\/p>\n<p>Durata proiectului este de 24 luni.<\/p>\n<p>&nbsp;<\/p>\n<p><b>Valoarea alocarilor financiare nerambursabile acordate: 6.053.986 lei<\/b><\/p>\n<p><b>Valoarea totala a platilor efectuate la finalizarea proiectului: 7.506.942 lei<\/b><\/p>\n<p><b>Pentru informa\u0163ii detaliate despre celelalte programe opera\u0163ionale cofinan\u0163ate de Uniunea European\u0103 v\u0103 invit\u0103m s\u0103 vizita\u0163i <\/b><a href=\"http:\/\/www.fonduri-ue.ro\/\"><b>www.fonduri-ue.ro<\/b><\/a><\/p>\n","protected":false},"excerpt":{"rendered":"<p>Titlul proiectului: CENTRU DE CERCETARE PENTRU TEHNICA MASURARII \/ CERTIM Informa\u0163ii privind tipul de asisten\u0163\u0103 financiar\u0103 Proiect cofinan\u0163at prin Fondul European de Dezvoltare Regional\u0103 &nbsp; Autoritate contractant\u0103 (finan\u0163atoare) Autoritatea National\u0103 pentru Cercetare \u015etiintific\u0103 \u00een calitate de Organism Intermediar (OI), &nbsp; Durat\u0103 Durata proiectului este de 24 luni. &nbsp; Valoarea alocarilor financiare nerambursabile acordate: 6.053.986 lei [&hellip;]<\/p>\n","protected":false},"author":1,"featured_media":0,"parent":0,"menu_order":0,"comment_status":"open","ping_status":"open","template":"","meta":[],"_links":{"self":[{"href":"https:\/\/prold.metrorom.eu.org\/certim\/index.php?rest_route=\/wp\/v2\/pages\/19"}],"collection":[{"href":"https:\/\/prold.metrorom.eu.org\/certim\/index.php?rest_route=\/wp\/v2\/pages"}],"about":[{"href":"https:\/\/prold.metrorom.eu.org\/certim\/index.php?rest_route=\/wp\/v2\/types\/page"}],"author":[{"embeddable":true,"href":"https:\/\/prold.metrorom.eu.org\/certim\/index.php?rest_route=\/wp\/v2\/users\/1"}],"replies":[{"embeddable":true,"href":"https:\/\/prold.metrorom.eu.org\/certim\/index.php?rest_route=%2Fwp%2Fv2%2Fcomments&post=19"}],"version-history":[{"count":3,"href":"https:\/\/prold.metrorom.eu.org\/certim\/index.php?rest_route=\/wp\/v2\/pages\/19\/revisions"}],"predecessor-version":[{"id":23,"href":"https:\/\/prold.metrorom.eu.org\/certim\/index.php?rest_route=\/wp\/v2\/pages\/19\/revisions\/23"}],"wp:attachment":[{"href":"https:\/\/prold.metrorom.eu.org\/certim\/index.php?rest_route=%2Fwp%2Fv2%2Fmedia&parent=19"}],"curies":[{"name":"wp","href":"https:\/\/api.w.org\/{rel}","templated":true}]}}