{"id":9,"date":"2013-04-10T07:48:58","date_gmt":"2013-04-10T07:48:58","guid":{"rendered":"http:\/\/www.incdmtm.ro\/cermiso\/?page_id=9"},"modified":"2021-03-23T10:06:44","modified_gmt":"2021-03-23T10:06:44","slug":"beneficiari","status":"publish","type":"page","link":"https:\/\/prold.metrorom.eu.org\/cermiso\/?page_id=9","title":{"rendered":"Beneficiari"},"content":{"rendered":"<p><b><i>Beneficiari directi<\/i><\/b><\/p>\n<ul>\n<li>Cercet\u0103torii din cadrul INCDMTM Bucure\u015fti care activeaz\u0103 \u00een cadrul centrului de cercetare sau\u00a0care utilizeaz\u0103 facilit\u0103\u0163ile centrului ce se va moderniza. Finantarea proiectului duce la cresterea\u00a0capacitatii INCDMTM de cooperare internationala si performanta in CD.<\/li>\n<li>Personalul care urmeaz\u0103 a fi angajat \u00een cadrul CERMISO dup\u0103 crearea\/modernizarea acestuia;\u00a0num\u0103rul lor cre\u015fte pe m\u0103sur\u0103 ce se dezvolt\u0103 noi proiecte<\/li>\n<li>Tineri absolven\u0163i \u015fi doctoranzi (din interiorul sau exteriorul institutului) care vor dob\u00e2ndi o \u00eenalt\u0103 calificare activ\u00e2nd \u00een cadrul centrului creat, inclusiv poten\u0163iali cercet\u0103tori interesa\u0163i din spa\u0163iul UE\n<ul>\n<li>Institute de \u00eenv\u0103\u0163\u0103m\u00e2nt \u015fi de cercetare-dezvoltare din \u0163ar\u0103 \u015fi str\u0103in\u0103tate<\/li>\n<li>Sectorul industrial in general, si \u00een special IMM din cadrul CLASTERULUI MECANITREC\u00a0produc\u0103torii din sectorul aeronautic cu care suntem in colaborare (avioane elicoptere), unitatile de\u00a0cercetare din domeniul aerospatial cu care suntem in colaborare in realizarea de proiecte in\u00a0colaborare prin punerea in comun a cunostintelor noastre in domeniul sistemelor mecatronice.<\/li>\n<\/ul>\n<\/li>\n<\/ul>\n<p>&nbsp;<\/p>\n<p><b><i>Beneficiari indirecti<\/i><\/b><\/p>\n<ul>\n<li>Organisme interna\u0163ionale: prin abordarea de proiecte competitive, colabor\u0103ri cu diferite entit\u0103\u0163i din UE, participarea ca partener la proiecte europene (de exemplu, Orizont 2020), cercetarea rom\u00e2neasc\u0103\u00a0va contribui la dezvoltarea ariei europene a cercet\u0103rii \u015fi va participa la crearea unei economii bazate\u00a0pe cunoa\u015ftere \u00een Europa<\/li>\n<li>Comunitatea de cercetare din Romania din domeniile sistemelor inteligente de securizare obiective\u00a0si interventie automata, prin faptul ca pot apela oric\u00e2nd la personalul specializat al INCDMTM\u00a0pentru dezvoltarea de proiecte noi\n<ul>\n<li>Cet\u0103\u0163enii care pot beneficia de aparatur\u0103 \u015fi produse performante in aplicatii pentru sectorul\u00a0bunurilor de larg consum si hobby.<\/li>\n<li>Sectorul industrial :<br \/>\n&#8211; produc\u0103tori de ma\u015fini \u015fi aparate care aplica rezultatele din domeniul spatial (IAR Ghimbav,AVIOANE Craiova, Metris Belgia, Aerostar Bacau, Turbomecanica Services S.A,)<\/p>\n<p>&#8211; Produc\u0103tori de auto (S.C. Dacia-Renault Automobile Pitesti, S.C. FORD S.A. Craiova, Romania),<\/p>\n<p>&#8211; Produc\u0103tori de piese \u015fi subansamble pentru aeronautic\u0103 (Aerofina Bucuresti Romania, COUSSO<\/p>\n<p>Nogaro Franta),<\/p>\n<p>&#8211; utilizatori de sisteme de monitorizare trafic aerian, terestru \u015fi orientare a deplas\u0103rii in spa\u0163iu prin<\/p>\n<p>dirijare cu LASER (IAMC Otopeni).<\/li>\n<\/ul>\n<\/li>\n<\/ul>\n","protected":false},"excerpt":{"rendered":"<p>Beneficiari directi Cercet\u0103torii din cadrul INCDMTM Bucure\u015fti care activeaz\u0103 \u00een cadrul centrului de cercetare sau\u00a0care utilizeaz\u0103 facilit\u0103\u0163ile centrului ce se va moderniza. Finantarea proiectului duce la cresterea\u00a0capacitatii INCDMTM de cooperare internationala si performanta in CD. Personalul care urmeaz\u0103 a fi angajat \u00een cadrul CERMISO dup\u0103 crearea\/modernizarea acestuia;\u00a0num\u0103rul lor cre\u015fte pe m\u0103sur\u0103 ce se dezvolt\u0103 noi [&hellip;]<\/p>\n","protected":false},"author":1,"featured_media":0,"parent":0,"menu_order":4,"comment_status":"open","ping_status":"open","template":"","meta":[],"_links":{"self":[{"href":"https:\/\/prold.metrorom.eu.org\/cermiso\/index.php?rest_route=\/wp\/v2\/pages\/9"}],"collection":[{"href":"https:\/\/prold.metrorom.eu.org\/cermiso\/index.php?rest_route=\/wp\/v2\/pages"}],"about":[{"href":"https:\/\/prold.metrorom.eu.org\/cermiso\/index.php?rest_route=\/wp\/v2\/types\/page"}],"author":[{"embeddable":true,"href":"https:\/\/prold.metrorom.eu.org\/cermiso\/index.php?rest_route=\/wp\/v2\/users\/1"}],"replies":[{"embeddable":true,"href":"https:\/\/prold.metrorom.eu.org\/cermiso\/index.php?rest_route=%2Fwp%2Fv2%2Fcomments&post=9"}],"version-history":[{"count":8,"href":"https:\/\/prold.metrorom.eu.org\/cermiso\/index.php?rest_route=\/wp\/v2\/pages\/9\/revisions"}],"predecessor-version":[{"id":59,"href":"https:\/\/prold.metrorom.eu.org\/cermiso\/index.php?rest_route=\/wp\/v2\/pages\/9\/revisions\/59"}],"wp:attachment":[{"href":"https:\/\/prold.metrorom.eu.org\/cermiso\/index.php?rest_route=%2Fwp%2Fv2%2Fmedia&parent=9"}],"curies":[{"name":"wp","href":"https:\/\/api.w.org\/{rel}","templated":true}]}}