{"id":5,"date":"2013-04-10T07:47:45","date_gmt":"2013-04-10T07:47:45","guid":{"rendered":"http:\/\/www.incdmtm.ro\/cermiso\/?page_id=5"},"modified":"2017-03-23T10:33:15","modified_gmt":"2017-03-23T10:33:15","slug":"despre-proiect","status":"publish","type":"page","link":"https:\/\/prold.metrorom.eu.org\/cermiso\/?page_id=5","title":{"rendered":"Despre proiect"},"content":{"rendered":"<p><b>Scopul proiectului\u00a0<\/b><\/p>\n<div>\n<p><b><\/b>Proiectul are ca scop infiintarea unui Centru de cercetare pentru sisteme mecatronice inteligente\u00a0autonome aeropurtate ce vor avea o gama larga de utilitate in securizarea obiectivelor, interventiilor\u00a0rapide si eficiente in toate domeniile unde accesul direct este ingreunat sau ar pune in pericol\u00a0securitatea operatorilor. Astfel in centrul CERMISO vor fi puse bazele conceptuale ale sistemelor de tip\u00a0MIADA (practic o combinatie intre conceptele UAV si RPA controlata de o inteligenta artificiala foarte\u00a0puternica) avand nu numai o optimizare deosebita in domeniul securitatii si securizarii obiectivelor si a<\/p>\n<p style=\"text-align: justify;\">interventiilor dar si cu posibilitati de extindere spre orice alt domeniu unde se doreste urilizarea acestuia.Noutatile vor pleca de la abordare conceptului general care este de tip modular, astfel incat pe un modulaeropurtat (optimizat ca viteza, durata de zbor, inteligenta artificiala, portanta, transport) sa poata fi\u00a0adaptate rapid alte module de tip senzor si controler specializate utilizarii dorite. Echipamentul va\u00a0dispune de o inteligenta artificiala care ii va facilita indeplinirea sarcinilor de lucru automat, fara\u00a0interventia operatorului, inclusiv realimentarea cu energie electrica. Inteligenta artificiala va lucra\u00a0paralel cu posibilitatile operatorului de manevra si comanda manuala, si va asigura inclusiv propria\u00a0securitate la manipulari gresite. Tot la acest nivel se va tine cont in timp real de traseu in conjunctura cu<\/p>\n<p style=\"text-align: justify;\">autonomia de zbor, asigurand intoarcerea echipamentului acasa sau intr-un punct de autoalimentare cu<br \/>\nenergie cat mai apropiat. O atentie deosebita va fi acordata sistemului de \u201canti-hacking\u201d deoarece, cel<br \/>\nputin in zona dronelor comerciale, au aparut deja modalitati inteligente de furt\/deturnare a acestora.\u00a0Toate rezultate obtinute vor duce la posibilitatea producerii in tara noastra a unor astfel de echipamente,\u00a0angrenand in aceasta activitate pe langa cercetarea de excelenta si firme romanesti din sectorul productiv\u00a0<em id=\"__mceDel\"><em id=\"__mceDel\">pentru producerea primelor astfel de aparate autohtone avand inclusiv toate <\/em><\/em>accesoriile necesare oricarui\u00a0tip de configurare per domeiu de utilizare.<\/p>\n<p style=\"text-align: justify;\">O atentie la fel de mare va fi acordata posibilitatilor de zbor in formatie, de tip patrulare avand<br \/>\nautonomie nelimitata pentru supravegherea unor zone si\/sau suprafete in mod continuu 24 din 24 ore,fara interventia operatorului nici pentru controlul zborului nici pentru autoalimentare.Laboratorul de CD va fi localizat in interiorul sediului INCDMTM din Sos. Pantelimon, Nr. 6-8,\u00a0Sector 2, Bucure\u015fti. Locatia este un spatiu la parter si etajul 4, avand o suprafata utila de 79 mp pusa\u00a0<em id=\"__mceDel\"><em id=\"__mceDel\"><em id=\"__mceDel\">100% la dispozitia proiectului.<\/em><\/em><\/em><\/p>\n<p style=\"text-align: justify;\"><em id=\"__mceDel\"><em id=\"__mceDel\"><em id=\"__mceDel\"> Finantarea proiectului duce la cresterea capacitatii INCDMTM de cooperare internationala si performanta in CD.<\/em><\/em><\/em><\/p>\n<p><b>Prezentare beneficiar<\/b><\/p>\n<p>INCDMTM este Institut Na\u0163ional de Cercetare Dezvoltare care evolueaz\u0103 continuu spre activit\u0103\u0163i ce \u0163in de domeniul Mecatronicii (sintez\u0103 a mecanicii de precizie, electronicii \u015fi informaticii), profil unic pentru institutele na\u0163ionale din Rom\u00e2nia. Un subdomeniu al mecatronicii este tocmai metrologia. Dup\u0103 cum se \u015ftie, echipamentul metrologic presupune o structur\u0103 mecanic\u0103 de mare precizie \u015fi o parte de comand\u0103 extrem de sofisticat\u0103, fiind prin excelen\u0163\u0103 un produs mecatronic. Astfel, un centru de cercetare pentru tehnica m\u0103sur\u0103rii inteligente\u00a0 nu numai c\u0103 se \u00eencadreaz\u0103 \u00een mod natural \u00een INCDMTM, dar este aproape de neconceput lipsa sa.<\/p>\n<p><strong>Rezultate<\/strong><\/p>\n<p>Rezultate anticipate in urma implementarii<\/p>\n<p>Rezultate asteptate:<\/p>\n<p>1. Cresterea capacitatii INCDMTM de cooperare internationala si performanta in CD (cu 200%,\u00a0<em id=\"__mceDel\">dupa implementarea proiectului);<\/em><\/p>\n<p>2. Rezolvarea unor probleme constructive \u015fi de tehnologie ce privesc \u00een mod deosebit echipa-mentele<\/p>\n<p>echipamente de monitorizare, securizare obiective si interventieautomata prestabilita in caz de acidente<\/p>\n<p>sau dezastre fabrica\u0163ie \u015fi care vor conduce la:<\/p>\n<ul>\n<li>\u00a0cre\u015fterea eficientei activitatii de securizare obiective si interventie automata;<\/li>\n<li>\u00a0posibilitatea aplic\u0103rii interventiei autoate in caz de acidente aviatice, nucleare, sau alte dezastre;<\/li>\n<li>\u00a0reducerea cheltuielilor valutare<\/li>\n<li>\u00a0crearea premiselor pentru exportul acestor produse;<\/li>\n<li>\u00a0cre\u015fterea preciziei de m\u0103surare \u015fi a fiabilit\u0103\u0163ii;<\/li>\n<li>\u00a0ob\u0163inerea de produse competitive pe plan mondial al c\u0103ror pre\u0163 de achizi\u0163ie va fi max.70% din<\/li>\n<li>pre\u0163urile interna\u0163ionale actuale;<\/li>\n<li>\u00a0relansarea industriei rom\u00e2ne\u015fti produc\u0103toare \u015fi utilizatoare de echipamente de monitorizare,\u00a0securizare obiective si interventie automata prestabilita in caz de acidente sau dezastre.<\/li>\n<\/ul>\n<\/div>\n","protected":false},"excerpt":{"rendered":"<p>Scopul proiectului\u00a0 Proiectul are ca scop infiintarea unui Centru de cercetare pentru sisteme mecatronice inteligente\u00a0autonome aeropurtate ce vor avea o gama larga de utilitate in securizarea obiectivelor, interventiilor\u00a0rapide si eficiente in toate domeniile unde accesul direct este ingreunat sau ar pune in pericol\u00a0securitatea operatorilor. Astfel in centrul CERMISO vor fi puse bazele conceptuale ale sistemelor [&hellip;]<\/p>\n","protected":false},"author":1,"featured_media":0,"parent":0,"menu_order":1,"comment_status":"open","ping_status":"open","template":"","meta":[],"_links":{"self":[{"href":"https:\/\/prold.metrorom.eu.org\/cermiso\/index.php?rest_route=\/wp\/v2\/pages\/5"}],"collection":[{"href":"https:\/\/prold.metrorom.eu.org\/cermiso\/index.php?rest_route=\/wp\/v2\/pages"}],"about":[{"href":"https:\/\/prold.metrorom.eu.org\/cermiso\/index.php?rest_route=\/wp\/v2\/types\/page"}],"author":[{"embeddable":true,"href":"https:\/\/prold.metrorom.eu.org\/cermiso\/index.php?rest_route=\/wp\/v2\/users\/1"}],"replies":[{"embeddable":true,"href":"https:\/\/prold.metrorom.eu.org\/cermiso\/index.php?rest_route=%2Fwp%2Fv2%2Fcomments&post=5"}],"version-history":[{"count":12,"href":"https:\/\/prold.metrorom.eu.org\/cermiso\/index.php?rest_route=\/wp\/v2\/pages\/5\/revisions"}],"predecessor-version":[{"id":67,"href":"https:\/\/prold.metrorom.eu.org\/cermiso\/index.php?rest_route=\/wp\/v2\/pages\/5\/revisions\/67"}],"wp:attachment":[{"href":"https:\/\/prold.metrorom.eu.org\/cermiso\/index.php?rest_route=%2Fwp%2Fv2%2Fmedia&parent=5"}],"curies":[{"name":"wp","href":"https:\/\/api.w.org\/{rel}","templated":true}]}}